{"id":85,"date":"2015-11-08T14:15:01","date_gmt":"2015-11-08T14:15:01","guid":{"rendered":"http:\/\/rechtsanwalt-heumann.de\/?page_id=85"},"modified":"2019-12-14T17:39:01","modified_gmt":"2019-12-14T17:39:01","slug":"honorar","status":"publish","type":"page","link":"https:\/\/rechtsanwalt-heumann.de\/?page_id=85","title":{"rendered":"Honorar"},"content":{"rendered":"<p><strong><span style=\"font-family: Arial,serif;\">Was kostet ein Anwalt ?<\/span><\/strong><\/p>\n<p><span style=\"font-family: Arial, serif;\">Grunds\u00e4tzlich f\u00e4llt f\u00fcr jedes anwaltliche T\u00e4tigwerden ein Honorar an, denn der Anwalt lebt davon. Aber wie bestimmt sich dieses Honorar?<\/span><\/p>\n<p><span style=\"font-family: Arial, serif;\">Das Gesetz schreibt vor:<\/span><\/p>\n<p><em><span style=\"font-family: Arial,serif;\">\u201e\u00a7 49b Abs. 5 BRAO: Richten sich die zu erhebenden Geb\u00fchren nach dem Gegenstandswert, hat der Rechtsanwalt vor \u00dcbernahme des Auftrags hierauf hinzuweisen.\u201c<\/span><\/em><\/p>\n<p><span style=\"font-family: Arial, serif;\">Unsere Mandanten auf das voraussichtlich anfallende Honorar hinzuweisen, ist f\u00fcr uns eine Selbstverst\u00e4ndlichkeit. Dazu kommt die st\u00e4ndige Beachtung der Kostenentwicklung w\u00e4hrend des laufenden Mandats. Denn nur so beh\u00e4lt der Mandant den \u00dcberblick \u00fcber die Wirtschaftlichkeit seines Falles. Die Zufriedenheit des Mandanten gerade auch unter dem Gesichtspunkt der wirtschaftlichen Beratung und Prozessf\u00fchrung ist dabei f\u00fcr uns oberstes Gebot.<\/span><\/p>\n<p><span style=\"font-family: Arial, serif;\"><br \/>\n<strong>Die Grundlagen der Anwaltsverg\u00fctung<\/strong><\/span><\/p>\n<p><span style=\"font-family: Arial, serif;\">Der Rechtsanwalt ist ein \u201eunabh\u00e4ngiges Organ der Rechtspflege\u201c. Sein Honorar ist durch gesetzliche Vorschriften reglementiert. Die H\u00f6he der anwaltlichen Verg\u00fctung ergibt sich entweder aus dem Rechtsanwaltsverg\u00fctungsgesetz (= RVG) oder aus einer Verg\u00fctungsvereinbarung, die gesetzliche Vorgaben erf\u00fcllen muss (\u00a7 3a ff. RVG, \u00a7\u00a7 49b ff. BRAO).<\/span><\/p>\n<p><span style=\"font-family: Arial, serif;\">Im zivil- und verwaltungsrechtlichen Bereich berechnen sich die Geb\u00fchren nach dem \u201eGegenstandswert\u201c. Diesem Gegenstandswert ordnet das Gesetz in einer Tabelle jeweils einen definierten Honorarbetrag des Anwalts zu, die Geb\u00fchr. Der Gegenstandswert bestimmt sich nach dem Wert des wirtschaftlichen Interesses, der sich f\u00fcr die beteiligten Personen aus dem jeweiligen Fall ergibt. Soll z.B. eine Zahlungsforderung oder ein Schadensersatzanspruch durchgesetzt oder abgewehrt werden, entspricht der Gegenstandswert (im Prozess auch \u201eStreitwert\u201c genannt) in seiner H\u00f6he dieser Forderung. Bei anderen Anspr\u00fcchen, die sich nicht auf eine bezifferbare Forderung richten, ist die Bemessung des Gegenstandwerts oftmals im Gesetz oder durch die Rechtsprechung geregelt. Es gilt: Je h\u00f6her der Gegenstandswert, desto h\u00f6her die gesetzliche Geb\u00fchr des Anwalts.<\/span><\/p>\n<p><span style=\"font-family: Arial, serif;\">Durch dieses vom Gesetzgeber bewusst gew\u00e4hlte System i.d.R. aufwandsunabh\u00e4ngiger Verg\u00fctung soll die sogenannte Quersubventionierung gew\u00e4hrleistet werden. Mandate mit hohem Gegenstandswert sollen finanziell den im Verh\u00e4ltnis hohen Arbeitsaufwand bei Mandaten mit geringem Gegenstandswert ausgleichen. Das anwaltliche Geb\u00fchrenrecht ist jedoch durch die gesetzlich vorgesehenen weiten Geb\u00fchrenrahmen sehr flexibel. Es ist leistungsgerecht, da es die einzelnen T\u00e4tigkeiten des Rechtsanwalts entweder durch ausdr\u00fcckliche Vorschriften oder durch weite Geb\u00fchrenrahmen ber\u00fccksichtigt.<\/span><\/p>\n<p><span style=\"font-family: Arial, serif;\">Inzwischen gibt es im Internet und f\u00fcr Smartphones zahlreiche Programme und Apps zur Geb\u00fchrenberechnung, durch die auch der Mandant nach Eingabe des Gegenstandswerts die anwaltlichen Geb\u00fchren berechnen und damit absch\u00e4tzen kann. Beispielsweise stellt der Deutsche Anwaltverein einen solchen Service unter<\/span><\/p>\n<p style=\"text-align: center;\"><span style=\"font-family: Arial, serif;\"><a href=\"http:\/\/anwaltverein.de\/de\/service\/prozesskostenrechner\" target=\"_blank\" rel=\"noopener\">http:\/\/anwaltverein.de\/de\/service\/prozesskostenrechner<\/a><\/span><\/p>\n<p><span style=\"font-family: Arial, serif;\">zur Verf\u00fcgung.<\/span><\/p>\n","protected":false},"excerpt":{"rendered":"<p>Was kostet ein Anwalt ? Grunds\u00e4tzlich f\u00e4llt f\u00fcr jedes anwaltliche T\u00e4tigwerden ein Honorar an, denn der Anwalt lebt davon. Aber wie bestimmt sich dieses Honorar? Das Gesetz schreibt vor: \u201e\u00a7 49b Abs. 5 BRAO: Richten sich die zu erhebenden Geb\u00fchren nach dem Gegenstandswert, hat der Rechtsanwalt vor \u00dcbernahme des Auftrags hierauf hinzuweisen.\u201c Unsere Mandanten auf &hellip; <a href=\"https:\/\/rechtsanwalt-heumann.de\/?page_id=85\" class=\"more-link\"><span class=\"screen-reader-text\">Honorar<\/span> weiterlesen <span class=\"meta-nav\">&rarr;<\/span><\/a><\/p>\n","protected":false},"author":1,"featured_media":0,"parent":0,"menu_order":4,"comment_status":"closed","ping_status":"closed","template":"","meta":{"footnotes":""},"_links":{"self":[{"href":"https:\/\/rechtsanwalt-heumann.de\/index.php?rest_route=\/wp\/v2\/pages\/85"}],"collection":[{"href":"https:\/\/rechtsanwalt-heumann.de\/index.php?rest_route=\/wp\/v2\/pages"}],"about":[{"href":"https:\/\/rechtsanwalt-heumann.de\/index.php?rest_route=\/wp\/v2\/types\/page"}],"author":[{"embeddable":true,"href":"https:\/\/rechtsanwalt-heumann.de\/index.php?rest_route=\/wp\/v2\/users\/1"}],"replies":[{"embeddable":true,"href":"https:\/\/rechtsanwalt-heumann.de\/index.php?rest_route=%2Fwp%2Fv2%2Fcomments&post=85"}],"version-history":[{"count":7,"href":"https:\/\/rechtsanwalt-heumann.de\/index.php?rest_route=\/wp\/v2\/pages\/85\/revisions"}],"predecessor-version":[{"id":157,"href":"https:\/\/rechtsanwalt-heumann.de\/index.php?rest_route=\/wp\/v2\/pages\/85\/revisions\/157"}],"wp:attachment":[{"href":"https:\/\/rechtsanwalt-heumann.de\/index.php?rest_route=%2Fwp%2Fv2%2Fmedia&parent=85"}],"curies":[{"name":"wp","href":"https:\/\/api.w.org\/{rel}","templated":true}]}}