{"id":6,"date":"2015-08-19T07:24:32","date_gmt":"2015-08-19T07:24:32","guid":{"rendered":"http:\/\/rechtsanwalt-heumann.de\/?page_id=6"},"modified":"2015-11-21T20:08:10","modified_gmt":"2015-11-21T20:08:10","slug":"home","status":"publish","type":"page","link":"https:\/\/rechtsanwalt-heumann.de\/","title":{"rendered":"Home"},"content":{"rendered":"<h4 style=\"text-align: center;\"><strong><span style=\"font-family: Arial,serif;\">Herzlich willkommen in der Rechtsanwaltskanzlei Heumann<\/span><\/strong><\/h4>\n<p><span style=\"font-family: Arial, serif;\"><i>&#8222;Warum denn gleich zum Rechtsanwalt gehen? Meine Probleme kann ich doch selbst l\u00f6sen. Au\u00dferdem kostet ein Anwalt viel Geld.&#8220;<\/i><\/span><\/p>\n<p><span style=\"font-family: Arial, serif;\">Solche S\u00e4tze h\u00f6ren wir oft. Doch die langj\u00e4hrige berufliche Erfahrung lehrt etwas anderes: Denn mit einem Rechtsstreit verh\u00e4lt es sich wie mit einer Erkrankung. Sie kommt unerwartet und f\u00e4ngt meist harmlos an. Wird sie aber nicht rechtzeitig durch einen qualifizierten Arzt behandelt, ist eine Verschlimmerung oft unausweichlich.<br \/>\n<\/span><\/p>\n<p><span style=\"font-family: Arial, serif;\">Mit Streitigkeiten ist es dasselbe. Je fr\u00fcher der Mandant den Anwalt aufsucht, desto besser kann der Anwalt ihn so beraten, dass der Mandant das Richtige unternimmt. Gr\u00f6\u00dferer Schaden kann begrenzt oder effizient abgewendet werden. Dass die m\u00f6glichst fr\u00fche Beratung die Erfolgschancen deutlich verbessert, beweist sich sp\u00e4testens, wenn es doch zum Gang vor die Gerichte kommen sollte.<br \/>\n<\/span><\/p>\n<p><span style=\"font-family: Arial, serif;\">Die pers\u00f6nliche und vertrauensvolle Beratung in allen Rechtsfragen und die Hilfe bei Ihrer Probleml\u00f6sung sind daher unser Ansporn. Im Mittelpunkt steht stets das Wohl unserer Mandanten. Es gibt keine Probleme, nur die L\u00f6sung derselben.<\/span><\/p>\n","protected":false},"excerpt":{"rendered":"<p>Herzlich willkommen in der Rechtsanwaltskanzlei Heumann &#8222;Warum denn gleich zum Rechtsanwalt gehen? Meine Probleme kann ich doch selbst l\u00f6sen. Au\u00dferdem kostet ein Anwalt viel Geld.&#8220; Solche S\u00e4tze h\u00f6ren wir oft. Doch die langj\u00e4hrige berufliche Erfahrung lehrt etwas anderes: Denn mit einem Rechtsstreit verh\u00e4lt es sich wie mit einer Erkrankung. Sie kommt unerwartet und f\u00e4ngt meist &hellip; <a href=\"https:\/\/rechtsanwalt-heumann.de\/\" class=\"more-link\"><span class=\"screen-reader-text\">Home<\/span> weiterlesen <span class=\"meta-nav\">&rarr;<\/span><\/a><\/p>\n","protected":false},"author":1,"featured_media":0,"parent":0,"menu_order":0,"comment_status":"closed","ping_status":"closed","template":"","meta":{"footnotes":""},"_links":{"self":[{"href":"https:\/\/rechtsanwalt-heumann.de\/index.php?rest_route=\/wp\/v2\/pages\/6"}],"collection":[{"href":"https:\/\/rechtsanwalt-heumann.de\/index.php?rest_route=\/wp\/v2\/pages"}],"about":[{"href":"https:\/\/rechtsanwalt-heumann.de\/index.php?rest_route=\/wp\/v2\/types\/page"}],"author":[{"embeddable":true,"href":"https:\/\/rechtsanwalt-heumann.de\/index.php?rest_route=\/wp\/v2\/users\/1"}],"replies":[{"embeddable":true,"href":"https:\/\/rechtsanwalt-heumann.de\/index.php?rest_route=%2Fwp%2Fv2%2Fcomments&post=6"}],"version-history":[{"count":7,"href":"https:\/\/rechtsanwalt-heumann.de\/index.php?rest_route=\/wp\/v2\/pages\/6\/revisions"}],"predecessor-version":[{"id":103,"href":"https:\/\/rechtsanwalt-heumann.de\/index.php?rest_route=\/wp\/v2\/pages\/6\/revisions\/103"}],"wp:attachment":[{"href":"https:\/\/rechtsanwalt-heumann.de\/index.php?rest_route=%2Fwp%2Fv2%2Fmedia&parent=6"}],"curies":[{"name":"wp","href":"https:\/\/api.w.org\/{rel}","templated":true}]}}