{"id":16,"date":"2015-08-19T07:32:15","date_gmt":"2015-08-19T07:32:15","guid":{"rendered":"http:\/\/rechtsanwalt-heumann.de\/?page_id=16"},"modified":"2019-03-28T21:47:49","modified_gmt":"2019-03-28T21:47:49","slug":"impressum","status":"publish","type":"page","link":"https:\/\/rechtsanwalt-heumann.de\/?page_id=16","title":{"rendered":"Impressum"},"content":{"rendered":"<p><span style=\"color: #000000;\"> <span style=\"font-family: Arial,serif;\"><strong>Verantwortlich f\u00fcr den Inhalt ist:<\/strong><\/span><\/span><\/p>\n<p><span style=\"font-family: Arial,serif; color: #000000;\">Rechtsanwalt <\/span><span style=\"font-family: Arial,serif; color: #000000;\">Gerold Heumann<\/span><br \/>\n<span style=\"color: #000000;\"> <span style=\"font-family: Arial,serif;\">S\u00fcdtiroler Stra\u00dfe 13 1\/2<\/span><\/span><br \/>\n<span style=\"color: #000000;\"> <span style=\"font-family: Arial,serif;\">86165 Augsburg<\/span><\/span><br \/>\n<span style=\"color: #000000;\"> <span style=\"font-family: Arial,serif;\">Telefon: 0821 \/ 5439 3723<\/span><\/span><br \/>\n<span style=\"color: #000000;\"> <span style=\"font-family: Arial,serif;\">Telefax: 0821 \/ 5439 2592<\/span><\/span><br \/>\n<span style=\"color: #000000;\"> <span style=\"font-family: Arial,serif;\">E-Mail: kanzlei@rechtsanwalt-heumann.de<\/span><\/span><\/p>\n<p><span style=\"font-family: Arial, serif;\"><strong>Steuernummer<\/strong> 103\/228\/40891<\/span><\/p>\n<p><span style=\"color: #000000;\"> <span style=\"font-family: Arial,serif;\"><strong>Bankverbindung:<\/strong><br \/>\n<\/span><\/span><\/p>\n<p><span style=\"color: #000000;\"><span style=\"font-family: Arial,serif;\"><span style=\"color: #000000;\"><span style=\"font-family: Arial,serif;\">Stadtsparkasse Augsburg<\/span><br \/>\n<span style=\"color: #000000;\"> <span style=\"font-family: Arial,serif;\">BLZ 720 500 00&nbsp;&nbsp; <\/span><\/span><\/span><\/span><\/span><span style=\"color: #000000;\"><span style=\"font-family: Arial,serif;\"><span style=\"color: #000000;\"><span style=\"color: #000000;\"><span style=\"color: #000000;\"><span style=\"font-family: Arial,serif;\">Konto Nr. 0250916707<\/span><\/span><\/span><\/span><\/span><\/span><br \/>\n<span style=\"color: #000000;\"><span style=\"font-family: Arial,serif;\"><span style=\"color: #000000;\"><span style=\"color: #000000;\"><span style=\"font-family: Arial,serif;\"> BIC:&nbsp;&nbsp;&nbsp; AUGSDE77XXX<\/span><br \/>\n<span style=\"color: #000000;\"> <span style=\"font-family: Arial,serif;\">IBAN: DE31 7205 0000 0250 9167 07<\/span><\/span><\/span><\/span><\/span><\/span><\/p>\n<p><span style=\"color: #000000;\"><span style=\"text-decoration: underline;\"> <span style=\"font-family: Arial,serif;\">Rechtsanwalts- Anderkonto:<\/span><\/span><br \/>\n<span style=\"color: #000000;\"> <span style=\"font-family: Arial,serif;\">Stadtsparkasse Augsburg<\/span><br \/>\n<span style=\"color: #000000;\"> <span style=\"font-family: Arial,serif;\">BLZ 720 500 00&nbsp;&nbsp; <\/span><\/span><\/span><\/span><span style=\"color: #000000;\"><span style=\"color: #000000;\"><span style=\"color: #000000;\"><span style=\"color: #000000;\"><span style=\"font-family: Arial,serif;\">Konto Nr. 0251 2375 58<\/span><\/span><\/span><\/span><\/span><br \/>\n<span style=\"color: #000000;\"><span style=\"color: #000000;\"><span style=\"color: #000000;\"><span style=\"font-family: Arial,serif;\">BIC:&nbsp;&nbsp;&nbsp; <\/span><\/span><\/span><\/span><span style=\"color: #000000;\"><span style=\"color: #000000;\"><span style=\"color: #000000;\"><span style=\"font-family: Arial,serif;\">AUGSDE77XXX<\/span><br \/>\n<span style=\"color: #000000;\"> <span style=\"font-family: Arial,serif;\">IBAN: DE27 7205 0000 0251 2375 58<\/span><\/span><\/span><\/span><\/span><\/p>\n<p>&nbsp;<\/p>\n","protected":false},"excerpt":{"rendered":"<p>Verantwortlich f\u00fcr den Inhalt ist: Rechtsanwalt Gerold Heumann S\u00fcdtiroler Stra\u00dfe 13 1\/2 86165 Augsburg Telefon: 0821 \/ 5439 3723 Telefax: 0821 \/ 5439 2592 E-Mail: kanzlei@rechtsanwalt-heumann.de Steuernummer 103\/228\/40891 Bankverbindung: Stadtsparkasse Augsburg BLZ 720 500 00&nbsp;&nbsp; Konto Nr. 0250916707 BIC:&nbsp;&nbsp;&nbsp; AUGSDE77XXX IBAN: DE31 7205 0000 0250 9167 07 Rechtsanwalts- Anderkonto: Stadtsparkasse Augsburg BLZ 720 500 00&nbsp;&nbsp; &hellip; <a href=\"https:\/\/rechtsanwalt-heumann.de\/?page_id=16\" class=\"more-link\"><span class=\"screen-reader-text\">Impressum<\/span> weiterlesen <span class=\"meta-nav\">&rarr;<\/span><\/a><\/p>\n","protected":false},"author":1,"featured_media":0,"parent":0,"menu_order":8,"comment_status":"closed","ping_status":"closed","template":"","meta":{"footnotes":""},"_links":{"self":[{"href":"https:\/\/rechtsanwalt-heumann.de\/index.php?rest_route=\/wp\/v2\/pages\/16"}],"collection":[{"href":"https:\/\/rechtsanwalt-heumann.de\/index.php?rest_route=\/wp\/v2\/pages"}],"about":[{"href":"https:\/\/rechtsanwalt-heumann.de\/index.php?rest_route=\/wp\/v2\/types\/page"}],"author":[{"embeddable":true,"href":"https:\/\/rechtsanwalt-heumann.de\/index.php?rest_route=\/wp\/v2\/users\/1"}],"replies":[{"embeddable":true,"href":"https:\/\/rechtsanwalt-heumann.de\/index.php?rest_route=%2Fwp%2Fv2%2Fcomments&post=16"}],"version-history":[{"count":11,"href":"https:\/\/rechtsanwalt-heumann.de\/index.php?rest_route=\/wp\/v2\/pages\/16\/revisions"}],"predecessor-version":[{"id":138,"href":"https:\/\/rechtsanwalt-heumann.de\/index.php?rest_route=\/wp\/v2\/pages\/16\/revisions\/138"}],"wp:attachment":[{"href":"https:\/\/rechtsanwalt-heumann.de\/index.php?rest_route=%2Fwp%2Fv2%2Fmedia&parent=16"}],"curies":[{"name":"wp","href":"https:\/\/api.w.org\/{rel}","templated":true}]}}