{"id":12,"date":"2015-08-19T07:28:41","date_gmt":"2015-08-19T07:28:41","guid":{"rendered":"http:\/\/rechtsanwalt-heumann.de\/?page_id=12"},"modified":"2024-10-03T11:46:04","modified_gmt":"2024-10-03T11:46:04","slug":"standortkontakt","status":"publish","type":"page","link":"https:\/\/rechtsanwalt-heumann.de\/?page_id=12","title":{"rendered":"Anfahrt \/ Kontakt"},"content":{"rendered":"\n<p><strong><span style=\"color: #000000;\"> <span style=\"font-family: Arial,serif;\">Besprechungstermine nach Vereinbarung unter<\/span><\/span><\/strong><\/p>\n\n\n\n<p><span style=\"color: #000000;\"> <span style=\"font-family: Arial,serif;\">Telefon: 0821 \/ 5439 3723<\/span><\/span><br> <span style=\"color: #000000;\"> <span style=\"font-family: Arial,serif;\">Telefax: 0821 \/ 5439 2592<\/span><\/span><br> <span style=\"color: #000000;\"> <span style=\"font-family: Arial,serif;\">E-Mail: <a href=\"mailto:kanzlei@rechtsanwalt-heumann.de\">kanzlei@rechtsanwalt-heumann.de<\/a><\/span><\/span><br> <\/p>\n\n\n\n<p><strong>B\u00fcrozeiten:<\/strong><\/p>\n\n\n\n<p>Montag bis Donnerstag:  8:30 Uhr bis 12:00 Uhr und 13:00 Uhr bis 17:00 Uhr<\/p>\n\n\n\n<p>Freitag:                             8:30 Uhr bis 12:00 Uhr <\/p>\n\n\n\n<p><span style=\"color: #000000;\"><strong><span style=\"color: =;\"><span style=\"font-family: Arial,serif;\">So finden Sie uns:<\/span><\/span><\/strong><\/span><\/p>\n\n\n\n<p><span style=\"color: =;\"><span style=\"color: #000000;\"> <span style=\"font-family: Arial,serif;\">In der <strong>S\u00fcdtiroler Stra\u00dfe 13 1\/2, 86165 Augsburg<\/strong> im 1. Obergescho\u00df<\/span><\/span><span style=\"color: #000000;\">.<br>\n<\/span><\/span><span style=\"color: #000000;\"><span style=\"font-family: Arial,serif;\">Unsere Kanzlei befindet sich im <span style=\"color: #800000;\"><a style=\"color: #800000;\" href=\"https:\/\/www.neuland-software.de\/\"><em>Neuland-Software<\/em> <\/a><\/span>B\u00fcrokomplex, einem dreist\u00f6ckigen B\u00fcrogeb\u00e4ude, das als Passivhaus vollst\u00e4ndig in Holzbauweise errichtet ist.<span style=\"color: #000000;\"> <span style=\"font-family: Arial,serif;\"><br>\n<\/span><\/span><\/span><\/span><\/p>\n\n\n<div class=\"wp-block-image\">\n<figure class=\"aligncenter\"><a href=\"http:\/\/rechtsanwalt-heumann.de\/wp-content\/uploads\/2020\/05\/B\u00fcrokomplex-H.jpg\"><img decoding=\"async\" loading=\"lazy\" width=\"300\" height=\"225\" src=\"http:\/\/rechtsanwalt-heumann.de\/wp-content\/uploads\/2020\/05\/B\u00fcrokomplex-H-300x225.jpg\" alt=\"\" class=\"wp-image-227\" srcset=\"https:\/\/rechtsanwalt-heumann.de\/wp-content\/uploads\/2020\/05\/B\u00fcrokomplex-H-300x225.jpg 300w, https:\/\/rechtsanwalt-heumann.de\/wp-content\/uploads\/2020\/05\/B\u00fcrokomplex-H.jpg 605w\" sizes=\"(max-width: 300px) 100vw, 300px\" \/><\/a><\/figure><\/div>\n\n\n<p><span style=\"color: #000000;\"> <span style=\"font-family: Arial,serif;\"><span style=\"color: #800000;\"><strong>KUNDENPARKPL\u00c4TZE <\/strong><\/span>sind f\u00fcr Sie in Eingangsn\u00e4he links.<\/span><\/span><\/p>\n\n\n\n<p><span style=\"color: #000000;\"><span style=\"font-family: Arial,serif;\">Von der Autobahn A 8 aus: Verlassen Sie die Autobahn an der Abfahrt Friedberg&nbsp; \/ Bayern. Fahren Sie s\u00fcdlich Richtung Friedberg auf der Bergstrasse und biegen an der 2. Abfahrt Richtung Augsburg \/ Lechhausen ab. Sie befinden sich dann in der S\u00fcdtiroler Stra\u00dfe.<\/span><\/span><\/p>\n\n\n\n<p><strong><strong><span style=\"color: =;\"><span style=\"color: #000000;\"><span style=\"font-family: Arial,serif;\">Sie k\u00f6nnen auch diese <strong>Karte mit integriertem Routenplaner<\/strong> f\u00fcr Ihren Anfahrtsweg nutzen:<\/span><\/span><\/span><\/strong><\/strong><\/p>\n\n\n\n<p><strong><iframe loading=\"lazy\" style=\"border: 0;\" src=\"https:\/\/www.google.com\/maps\/embed?pb=!1m16!1m12!1m3!1d2649.781533773224!2d10.94502729079945!3d48.38393280537748!2m3!1f0!2f0!3f0!3m2!1i1024!2i768!4f13.1!2m1!1sS%C3%BCdtiroler%20Str.%2013%C2%BD%2C%2086165%20Augsburg!5e0!3m2!1sde!2sde!4v1569932050914!5m2!1sde!2sde\" width=\"600\" height=\"450\" frameborder=\"0\" allowfullscreen=\"allowfullscreen\"><\/iframe><\/strong><\/p>\n","protected":false},"excerpt":{"rendered":"<p>Besprechungstermine nach Vereinbarung unter Telefon: 0821 \/ 5439 3723 Telefax: 0821 \/ 5439 2592 E-Mail: kanzlei@rechtsanwalt-heumann.de B\u00fcrozeiten: Montag bis Donnerstag: 8:30 Uhr bis 12:00 Uhr und 13:00 Uhr bis 17:00 Uhr Freitag: 8:30 Uhr bis 12:00 Uhr So finden Sie uns: In der S\u00fcdtiroler Stra\u00dfe 13 1\/2, 86165 Augsburg im 1. Obergescho\u00df. Unsere Kanzlei befindet &hellip; <a href=\"https:\/\/rechtsanwalt-heumann.de\/?page_id=12\" class=\"more-link\"><span class=\"screen-reader-text\">Anfahrt \/ Kontakt<\/span> weiterlesen <span class=\"meta-nav\">&rarr;<\/span><\/a><\/p>\n","protected":false},"author":1,"featured_media":0,"parent":0,"menu_order":5,"comment_status":"closed","ping_status":"closed","template":"","meta":{"footnotes":""},"_links":{"self":[{"href":"https:\/\/rechtsanwalt-heumann.de\/index.php?rest_route=\/wp\/v2\/pages\/12"}],"collection":[{"href":"https:\/\/rechtsanwalt-heumann.de\/index.php?rest_route=\/wp\/v2\/pages"}],"about":[{"href":"https:\/\/rechtsanwalt-heumann.de\/index.php?rest_route=\/wp\/v2\/types\/page"}],"author":[{"embeddable":true,"href":"https:\/\/rechtsanwalt-heumann.de\/index.php?rest_route=\/wp\/v2\/users\/1"}],"replies":[{"embeddable":true,"href":"https:\/\/rechtsanwalt-heumann.de\/index.php?rest_route=%2Fwp%2Fv2%2Fcomments&post=12"}],"version-history":[{"count":33,"href":"https:\/\/rechtsanwalt-heumann.de\/index.php?rest_route=\/wp\/v2\/pages\/12\/revisions"}],"predecessor-version":[{"id":294,"href":"https:\/\/rechtsanwalt-heumann.de\/index.php?rest_route=\/wp\/v2\/pages\/12\/revisions\/294"}],"wp:attachment":[{"href":"https:\/\/rechtsanwalt-heumann.de\/index.php?rest_route=%2Fwp%2Fv2%2Fmedia&parent=12"}],"curies":[{"name":"wp","href":"https:\/\/api.w.org\/{rel}","templated":true}]}}