{"id":10,"date":"2015-08-19T07:27:38","date_gmt":"2015-08-19T07:27:38","guid":{"rendered":"http:\/\/rechtsanwalt-heumann.de\/?page_id=10"},"modified":"2024-02-06T22:40:04","modified_gmt":"2024-02-06T22:40:04","slug":"gerold-heumann","status":"publish","type":"page","link":"https:\/\/rechtsanwalt-heumann.de\/?page_id=10","title":{"rendered":"Anwalt"},"content":{"rendered":"\n<p class=\"has-text-align-left\"><span style=\"font-family: Arial, serif;\"><span style=\"font-size: large;\"><b>Ihr Anwalt: Gerold Heumann &#8211; Rechtsanwalt und Fachanwalt f\u00fcr Bau- und Architektenrecht<\/b><\/span><\/span><\/p>\n\n\n<div class=\"wp-block-image\">\n<figure class=\"alignleft\"><a href=\"http:\/\/rechtsanwalt-heumann.de\/wp-content\/uploads\/2024\/02\/Bild-He-home2.jpg\"><img decoding=\"async\" loading=\"lazy\" width=\"268\" height=\"300\" src=\"http:\/\/rechtsanwalt-heumann.de\/wp-content\/uploads\/2024\/02\/Bild-He-home2-268x300.jpg\" alt=\"\" class=\"wp-image-284\" srcset=\"https:\/\/rechtsanwalt-heumann.de\/wp-content\/uploads\/2024\/02\/Bild-He-home2-268x300.jpg 268w, https:\/\/rechtsanwalt-heumann.de\/wp-content\/uploads\/2024\/02\/Bild-He-home2-768x860.jpg 768w, https:\/\/rechtsanwalt-heumann.de\/wp-content\/uploads\/2024\/02\/Bild-He-home2.jpg 897w\" sizes=\"(max-width: 268px) 100vw, 268px\" \/><\/a><\/figure><\/div>\n\n\n<p class=\"has-text-align-left\"><span style=\"font-family: Arial, serif;\">Nach dem Abitur (Bayern) im Jahr 1993 studierte Gerold Heumann ab 1994 Rechtswissenschaften an der Universit\u00e4t Augsburg. Nach erfolgreichem Abschluss des Studiums im Jahr 1999 mit 1. juristischem Staatsexamen&nbsp; und anschlie\u00dfendem Rechtsreferendariat, legte Herr Heumann 2001 die juristische Schlusspr\u00fcfung (2. Staatsexamen) ab und erhielt die Zulassung als Rechtsanwalt. <\/span><\/p>\n\n\n\n<p class=\"has-text-align-left\"><span style=\"font-family: Arial, serif;\">Erste Berufserfahrungen als Rechtsanwalt konnte Gerold Heumann unmittelbar nach Abschluss des 2. Staatsexamens ab 2001 in einer auf Insolvenzrecht spezialisierten Rechtsanwaltskanzlei in Landshut sammeln. Geboren in Augsburg, kehrte Gerold Heumann Anfang 2003 in seine Heimatstadt zur\u00fcck und arbeitete zun\u00e4chst als angestellter Rechtsanwalt in einer Augsburger Anwaltskanzlei, in welcher er sich im Schwerpunkt auf die Bereiche Baurecht, Mietrecht und Wohneigentumsrecht konzentrierte und spezialisierte. 2006 erwarb Herr Heumann die Fachanwaltschaft. Ab 2006 war Herr Heumann in der Augburger Kanzlei Konopatzky, Fendt, Klopfer, Thiel t\u00e4tig, in welcher ihm neben der T\u00e4tigkeit im allgemeinen Zivilrecht, die eigenst\u00e4ndige Leitung des Referats f\u00fcr Bau-, Architekten-, Miet- und Wohneigentumsrecht oblag. Im Jahr 2015 gr\u00fcndete Rechtsanwalt Heumann eine eigene Kanzlei.<\/span><\/p>\n\n\n\n<p class=\"has-text-align-left\"><span style=\"font-family: Arial, serif;\">Gerold Heumann ist Mitglied im Augsburger Anwaltverein AAV und im Deutschen Anwaltverein DAV.<\/span><\/p>\n\n\n\n<p><span style=\"font-family: Arial, serif;\"><strong>Fremdsprachen:<\/strong> Englisch<\/span><\/p>\n\n\n\n<p><span style=\"font-family: Arial, serif;\"><b>Die Fachanwaltschaft &#8211; eine Zusatzqualifikation<\/b><\/span><\/p>\n\n\n\n<p><span style=\"font-family: Arial, serif;\">Herrn Rechtsanwalt Gerold Heumann wurde im Januar 2006 die Erlaubnis verliehen, den Zusatztitel &#8222;Fachanwalt f\u00fcr Bau- und Architektenrecht&#8220; zu f\u00fchren. Was ist ein &#8222;Fachanwalt&#8220;?<\/span><\/p>\n\n\n\n<p><span style=\"font-family: Arial, serif;\">Einem Rechtsanwalt, der neben der allgemeinen Ausbildung zum Rechtsanwalt besondere Kenntnisse und Erfahrungen in einem Rechtsgebiet erworben und durch eine gesonderte Pr\u00fcfung nachgewiesen hat, kann durch die zust\u00e4ndige Rechtsanwaltskammer nach Ma\u00dfgabe der Fachanwaltsordnung (FAO) die Befugnis verliehen werden, zus\u00e4tzlich die Fachanwaltsbezeichnung in einem bestimmten Rechtsgebiet zu f\u00fchren. Diese Befugnis darf f\u00fcr h\u00f6chstens drei Rechtsgebiete erteilt werden (\u00a7 43c Bundesrechtsanwaltsordnung BRAO).<\/span><\/p>\n\n\n\n<p><span style=\"font-family: Arial, serif;\">Voraussetzung f\u00fcr die Zulassung zur Fachanwaltspr\u00fcfung ist zum einen die<\/span><span style=\"font-family: Arial, serif;\"> Praxiserfahrung durch <\/span><span style=\"font-family: Arial, serif;\">eine festgelegte Mindestanzahl an erledigten F\u00e4llen im rechtlichen Fachgebiet. Diese m\u00fcssen gegen\u00fcber der Rechtsanwaltskammer <\/span><span style=\"font-family: Arial, serif;\">nachgewiesen werden. Zum anderen absolviert der Fachanwalt in seinem Spezialgebiet eine zus\u00e4tzliche Fachschulung, \u00fcber deren erworbene Kenntnisse durch eine besondere schriftliche Pr\u00fcfung Rechenschaft gelegt werden muss.<br>\n<\/span><\/p>\n\n\n\n<p class=\"has-text-align-left\"><span style=\"font-family: Arial, serif;\">Der Fachanwalt kann damit die von ihm erworbene Zusatzqualifikation in seinem Spezialgebiet belegen.<\/span><\/p>\n","protected":false},"excerpt":{"rendered":"<p>Ihr Anwalt: Gerold Heumann &#8211; Rechtsanwalt und Fachanwalt f\u00fcr Bau- und Architektenrecht Nach dem Abitur (Bayern) im Jahr 1993 studierte Gerold Heumann ab 1994 Rechtswissenschaften an der Universit\u00e4t Augsburg. Nach erfolgreichem Abschluss des Studiums im Jahr 1999 mit 1. juristischem Staatsexamen&nbsp; und anschlie\u00dfendem Rechtsreferendariat, legte Herr Heumann 2001 die juristische Schlusspr\u00fcfung (2. Staatsexamen) ab und &hellip; <a href=\"https:\/\/rechtsanwalt-heumann.de\/?page_id=10\" class=\"more-link\"><span class=\"screen-reader-text\">Anwalt<\/span> weiterlesen <span class=\"meta-nav\">&rarr;<\/span><\/a><\/p>\n","protected":false},"author":1,"featured_media":0,"parent":0,"menu_order":2,"comment_status":"closed","ping_status":"closed","template":"","meta":{"footnotes":""},"_links":{"self":[{"href":"https:\/\/rechtsanwalt-heumann.de\/index.php?rest_route=\/wp\/v2\/pages\/10"}],"collection":[{"href":"https:\/\/rechtsanwalt-heumann.de\/index.php?rest_route=\/wp\/v2\/pages"}],"about":[{"href":"https:\/\/rechtsanwalt-heumann.de\/index.php?rest_route=\/wp\/v2\/types\/page"}],"author":[{"embeddable":true,"href":"https:\/\/rechtsanwalt-heumann.de\/index.php?rest_route=\/wp\/v2\/users\/1"}],"replies":[{"embeddable":true,"href":"https:\/\/rechtsanwalt-heumann.de\/index.php?rest_route=%2Fwp%2Fv2%2Fcomments&post=10"}],"version-history":[{"count":15,"href":"https:\/\/rechtsanwalt-heumann.de\/index.php?rest_route=\/wp\/v2\/pages\/10\/revisions"}],"predecessor-version":[{"id":286,"href":"https:\/\/rechtsanwalt-heumann.de\/index.php?rest_route=\/wp\/v2\/pages\/10\/revisions\/286"}],"wp:attachment":[{"href":"https:\/\/rechtsanwalt-heumann.de\/index.php?rest_route=%2Fwp%2Fv2%2Fmedia&parent=10"}],"curies":[{"name":"wp","href":"https:\/\/api.w.org\/{rel}","templated":true}]}}